{"id":1104,"date":"2025-11-13T09:15:32","date_gmt":"2025-11-13T13:15:32","guid":{"rendered":"https:\/\/agmedtech.com\/?page_id=1104"},"modified":"2025-11-14T08:12:39","modified_gmt":"2025-11-14T12:12:39","slug":"legal-information","status":"publish","type":"page","link":"https:\/\/agmedtech.com\/es\/legal-information\/","title":{"rendered":"Privacy Policy \/ Terms of Service"},"content":{"rendered":"<div data-elementor-type=\"wp-page\" data-elementor-id=\"1104\" class=\"elementor elementor-1104\" data-elementor-post-type=\"page\">\n\t\t\t\t<div class=\"elementor-element elementor-element-ecc65da e-flex e-con-boxed e-con e-parent\" data-id=\"ecc65da\" data-element_type=\"container\" data-e-type=\"container\">\n\t\t\t\t\t<div class=\"e-con-inner\">\n\t\t\t\t<div class=\"elementor-element elementor-element-a71beb2 elementor-widget elementor-widget-heading\" data-id=\"a71beb2\" data-element_type=\"widget\" data-e-type=\"widget\" data-widget_type=\"heading.default\">\n\t\t\t\t\t<h2 class=\"elementor-heading-title elementor-size-default\">LEGAL<\/h2>\t\t\t\t<\/div>\n\t\t\t\t<div class=\"elementor-element elementor-element-59a4526 elementor-widget elementor-widget-heading\" data-id=\"59a4526\" data-element_type=\"widget\" data-e-type=\"widget\" data-widget_type=\"heading.default\">\n\t\t\t\t\t<h1 class=\"elementor-heading-title elementor-size-default\">Pol\u00edtica de privacidad<br>\/ T\u00e9rminos de servicio<\/h1>\t\t\t\t<\/div>\n\t\t\t\t<div class=\"elementor-element elementor-element-9443b15 elementor-widget elementor-widget-spacer\" data-id=\"9443b15\" data-element_type=\"widget\" data-e-type=\"widget\" data-widget_type=\"spacer.default\">\n\t\t\t\t\t\t\t<div class=\"elementor-spacer\">\n\t\t\t<div class=\"elementor-spacer-inner\"><\/div>\n\t\t<\/div>\n\t\t\t\t\t\t<\/div>\n\t\t\t\t<div class=\"elementor-element elementor-element-5ec8ada elementor-widget elementor-widget-heading\" data-id=\"5ec8ada\" data-element_type=\"widget\" data-e-type=\"widget\" data-widget_type=\"heading.default\">\n\t\t\t\t\t<h3 class=\"elementor-heading-title elementor-size-default\">Acreditaci\u00f3n y Licencias<\/h3>\t\t\t\t<\/div>\n\t\t\t\t<div class=\"elementor-element elementor-element-49707bf elementor-widget elementor-widget-text-editor\" data-id=\"49707bf\" data-element_type=\"widget\" data-e-type=\"widget\" data-widget_type=\"text-editor.default\">\n\t\t\t\t\t\t\t\t\t<p>Aguilas International Technical Institute (AITI) es una instituci\u00f3n vocacional acreditada y licenciada, ubicada en Tampa, Florida.<\/p><p>Estamos autorizados por la <strong>Commission for Independent Education (CIE), Florida Department of Education<\/strong>, Licencia #4530.<\/p><p>Nuestros programas de diploma cumplen con todos los requisitos del estado y de la industria, garantizando que los estudiantes reciban una formaci\u00f3n de calidad y reconocida para carreras en el \u00e1rea de la salud.<\/p><p>AITI tambi\u00e9n est\u00e1 aprobado para operar como una instituci\u00f3n educativa que ofrece programas de diploma en:<\/p><ul><li>Asistente M\u00e9dico<\/li><li>T\u00e9cnico en Farmacia<\/li><li>Asistente de Cuidado en el Hogar<\/li><\/ul><p>Para verificaci\u00f3n adicional, puede comunicarse con la <strong>Florida Department of Education, Commission for Independent Education<\/strong> en:<\/p><p>325 W. Gaines Street, Suite 1414, Tallahassee, FL 32399<\/p><p>L\u00ednea gratuita: (888) 224-6684<\/p><p>Sitio web: <a href=\"https:\/\/www.fldoe.org\/\">www.fldoe.org<\/a><\/p><p><!-- notionvc: 95596338-0972-416a-a1d4-e6200f737936 --><\/p>\t\t\t\t\t\t\t\t<\/div>\n\t\t\t\t<div class=\"elementor-element elementor-element-d197ef1 elementor-widget elementor-widget-spacer\" data-id=\"d197ef1\" data-element_type=\"widget\" data-e-type=\"widget\" data-widget_type=\"spacer.default\">\n\t\t\t\t\t\t\t<div class=\"elementor-spacer\">\n\t\t\t<div class=\"elementor-spacer-inner\"><\/div>\n\t\t<\/div>\n\t\t\t\t\t\t<\/div>\n\t\t\t\t<div class=\"elementor-element elementor-element-5087b9b elementor-widget elementor-widget-heading\" data-id=\"5087b9b\" data-element_type=\"widget\" data-e-type=\"widget\" data-widget_type=\"heading.default\">\n\t\t\t\t\t<h3 class=\"elementor-heading-title elementor-size-default\">Pol\u00edtica de No Discriminaci\u00f3n<\/h3>\t\t\t\t<\/div>\n\t\t\t\t<div class=\"elementor-element elementor-element-f5dbd75 elementor-widget elementor-widget-text-editor\" data-id=\"f5dbd75\" data-element_type=\"widget\" data-e-type=\"widget\" data-widget_type=\"text-editor.default\">\n\t\t\t\t\t\t\t\t\t<p>AITI no discrimina por motivos de raza, color, religi\u00f3n, sexo, edad, discapacidad, estado civil, orientaci\u00f3n sexual, origen nacional u otra clase protegida en sus procesos de admisi\u00f3n, programas educativos, empleo o actividades.<\/p><p>Estamos comprometidos a proporcionar un entorno de aprendizaje inclusivo donde cada estudiante se sienta respetado y apoyado.<\/p>\t\t\t\t\t\t\t\t<\/div>\n\t\t\t\t<div class=\"elementor-element elementor-element-e7f4792 elementor-widget elementor-widget-spacer\" data-id=\"e7f4792\" data-element_type=\"widget\" data-e-type=\"widget\" data-widget_type=\"spacer.default\">\n\t\t\t\t\t\t\t<div class=\"elementor-spacer\">\n\t\t\t<div class=\"elementor-spacer-inner\"><\/div>\n\t\t<\/div>\n\t\t\t\t\t\t<\/div>\n\t\t\t\t<div class=\"elementor-element elementor-element-58914b7 elementor-widget elementor-widget-heading\" data-id=\"58914b7\" data-element_type=\"widget\" data-e-type=\"widget\" data-widget_type=\"heading.default\">\n\t\t\t\t\t<h3 class=\"elementor-heading-title elementor-size-default\">Pol\u00edtica de privacidad<\/h3>\t\t\t\t<\/div>\n\t\t\t\t<div class=\"elementor-element elementor-element-3ff50b5 elementor-widget elementor-widget-text-editor\" data-id=\"3ff50b5\" data-element_type=\"widget\" data-e-type=\"widget\" data-widget_type=\"text-editor.default\">\n\t\t\t\t\t\t\t\t\t<p>Aguilas International Technical Institute respeta y protege su privacidad.<\/p><p>Cuando visita nuestro sitio web, se inscribe en un curso o se comunica con nosotros, podemos recopilar informaci\u00f3n personal como su nombre, n\u00famero de tel\u00e9fono, correo electr\u00f3nico o detalles de pago.<\/p><p>Usamos esta informaci\u00f3n exclusivamente para:<\/p><ul><li>Procesar inscripciones y pagos<\/li><li>Comunicarnos sobre clases, eventos y actualizaciones<\/li><li>Mejorar nuestros servicios y la experiencia educativa<\/li><\/ul><p>No <strong>not<\/strong> vendemos, alquilamos ni compartimos sus datos personales con terceros, excepto cuando la ley lo exija o para cumplir con operaciones educativas (como reportes de acreditaci\u00f3n o procesos de certificaci\u00f3n).<\/p><p>Para preguntas sobre privacidad, puede contactarnos en:<\/p><p>\ud83d\udce7 <a href=\"mailto:info@agmedtech.com\">info@agmedtech.com<\/a> | \u260e\ufe0f (813) 871-2407<\/p><p><!-- notionvc: 57ec8fbc-eaaf-494a-8854-cd036903b143 --><\/p>\t\t\t\t\t\t\t\t<\/div>\n\t\t\t\t<div class=\"elementor-element elementor-element-9015a02 elementor-widget elementor-widget-spacer\" data-id=\"9015a02\" data-element_type=\"widget\" data-e-type=\"widget\" data-widget_type=\"spacer.default\">\n\t\t\t\t\t\t\t<div class=\"elementor-spacer\">\n\t\t\t<div class=\"elementor-spacer-inner\"><\/div>\n\t\t<\/div>\n\t\t\t\t\t\t<\/div>\n\t\t\t\t<div class=\"elementor-element elementor-element-a279d51 elementor-widget elementor-widget-heading\" data-id=\"a279d51\" data-element_type=\"widget\" data-e-type=\"widget\" data-widget_type=\"heading.default\">\n\t\t\t\t\t<h3 class=\"elementor-heading-title elementor-size-default\">T\u00e9rminos de Uso<\/h3>\t\t\t\t<\/div>\n\t\t\t\t<div class=\"elementor-element elementor-element-746a457 elementor-widget elementor-widget-text-editor\" data-id=\"746a457\" data-element_type=\"widget\" data-e-type=\"widget\" data-widget_type=\"text-editor.default\">\n\t\t\t\t\t\t\t\t\t<p>Al utilizar este sitio web, usted acepta cumplir con todas las leyes aplicables y usar nuestro contenido, im\u00e1genes y materiales \u00fanicamente con fines informativos y no comerciales.<\/p><p>La reproducci\u00f3n, distribuci\u00f3n o modificaci\u00f3n no autorizada de cualquier material en este sitio est\u00e1 estrictamente prohibida.<\/p><p>AITI se reserva el derecho de actualizar la informaci\u00f3n de los programas, costos de matr\u00edcula, horarios de clases y pol\u00edticas sin previo aviso.<\/p><p><!-- notionvc: 57ec8fbc-eaaf-494a-8854-cd036903b143 --><\/p>\t\t\t\t\t\t\t\t<\/div>\n\t\t\t\t<div class=\"elementor-element elementor-element-700c9c6 elementor-widget elementor-widget-spacer\" data-id=\"700c9c6\" data-element_type=\"widget\" data-e-type=\"widget\" data-widget_type=\"spacer.default\">\n\t\t\t\t\t\t\t<div class=\"elementor-spacer\">\n\t\t\t<div class=\"elementor-spacer-inner\"><\/div>\n\t\t<\/div>\n\t\t\t\t\t\t<\/div>\n\t\t\t\t<div class=\"elementor-element elementor-element-5c65e33 elementor-widget elementor-widget-heading\" data-id=\"5c65e33\" data-element_type=\"widget\" data-e-type=\"widget\" data-widget_type=\"heading.default\">\n\t\t\t\t\t<h3 class=\"elementor-heading-title elementor-size-default\">Aviso sobre Ayuda Financiera y Pagos<\/h3>\t\t\t\t<\/div>\n\t\t\t\t<div class=\"elementor-element elementor-element-2ebcfeb elementor-widget elementor-widget-text-editor\" data-id=\"2ebcfeb\" data-element_type=\"widget\" data-e-type=\"widget\" data-widget_type=\"text-editor.default\">\n\t\t\t\t\t\t\t\t\t<p>AITI ofrece acceso a diversas opciones de pago y orientaci\u00f3n para estudiantes que buscan asistencia financiera.<\/p><p>Aunque nuestros asesores de admisiones lo ayudar\u00e1n a explorar estas opciones, la elegibilidad final para ayudas externas depende de las pol\u00edticas de las entidades correspondientes.<\/p><p>Todos los costos de matr\u00edcula deben pagarse seg\u00fan el acuerdo de inscripci\u00f3n del estudiante. Los pagos tard\u00edos pueden resultar en cargos adicionales o suspensi\u00f3n de clases.<\/p><p><!-- notionvc: 57ec8fbc-eaaf-494a-8854-cd036903b143 --><\/p>\t\t\t\t\t\t\t\t<\/div>\n\t\t\t\t<div class=\"elementor-element elementor-element-9a18f11 elementor-widget elementor-widget-spacer\" data-id=\"9a18f11\" data-element_type=\"widget\" data-e-type=\"widget\" data-widget_type=\"spacer.default\">\n\t\t\t\t\t\t\t<div class=\"elementor-spacer\">\n\t\t\t<div class=\"elementor-spacer-inner\"><\/div>\n\t\t<\/div>\n\t\t\t\t\t\t<\/div>\n\t\t\t\t<div class=\"elementor-element elementor-element-90c81bc elementor-widget elementor-widget-heading\" data-id=\"90c81bc\" data-element_type=\"widget\" data-e-type=\"widget\" data-widget_type=\"heading.default\">\n\t\t\t\t\t<h3 class=\"elementor-heading-title elementor-size-default\">Derechos y Responsabilidades del Estudiante<\/h3>\t\t\t\t<\/div>\n\t\t\t\t<div class=\"elementor-element elementor-element-927dff0 elementor-widget elementor-widget-text-editor\" data-id=\"927dff0\" data-element_type=\"widget\" data-e-type=\"widget\" data-widget_type=\"text-editor.default\">\n\t\t\t\t\t\t\t\t\t<p>Los estudiantes de Aguilas International Technical Institute tienen derecho a:<\/p><ul><li>Recibir instrucci\u00f3n de calidad en un ambiente profesional y seguro<\/li><li>Ser tratados con respeto y dignidad<\/li><li>Acceder a sus registros acad\u00e9micos previa solicitud<\/li><\/ul><p>Los estudiantes son responsables de:<\/p><ul><li>Asistir a clases regularmente y cumplir con los requisitos acad\u00e9micos<\/li><li>Mantener integridad y profesionalismo en su conducta y comunicaci\u00f3n<\/li><li>Cumplir con todas las pol\u00edticas y procedimientos institucionales<\/li><\/ul><p><!-- notionvc: d0aee76d-0469-49c3-8f28-bedf29bf6e03 --><\/p><p><!-- notionvc: 57ec8fbc-eaaf-494a-8854-cd036903b143 --><\/p>\t\t\t\t\t\t\t\t<\/div>\n\t\t\t\t<div class=\"elementor-element elementor-element-93369d6 elementor-widget elementor-widget-spacer\" data-id=\"93369d6\" data-element_type=\"widget\" data-e-type=\"widget\" data-widget_type=\"spacer.default\">\n\t\t\t\t\t\t\t<div class=\"elementor-spacer\">\n\t\t\t<div class=\"elementor-spacer-inner\"><\/div>\n\t\t<\/div>\n\t\t\t\t\t\t<\/div>\n\t\t\t\t<div class=\"elementor-element elementor-element-463b9b2 elementor-widget elementor-widget-heading\" data-id=\"463b9b2\" data-element_type=\"widget\" data-e-type=\"widget\" data-widget_type=\"heading.default\">\n\t\t\t\t\t<h3 class=\"elementor-heading-title elementor-size-default\">Informaci\u00f3n de Contacto<\/h3>\t\t\t\t<\/div>\n\t\t\t\t<div class=\"elementor-element elementor-element-265ce29 elementor-widget elementor-widget-text-editor\" data-id=\"265ce29\" data-element_type=\"widget\" data-e-type=\"widget\" data-widget_type=\"text-editor.default\">\n\t\t\t\t\t\t\t\t\t<p><strong>Aguilas International Technical Institute<\/strong><\/p><p>4604 W. Rio Vista Ave., Tampa, FL 33634<\/p><p>\ud83d\udcde (813) 871-2407<\/p><p>\ud83c\udf10 <a href=\"https:\/\/agmedtech.com\/es\/\">www.agmedtech.com<\/a><\/p><p>\ud83d\udce7 <a href=\"mailto:info@agmedtech.com\">info@agmedtech.com<\/a><\/p><p><!-- notionvc: 7f672dab-24e7-467a-8531-c6b6f3b5bccb --><\/p><p><!-- notionvc: d0aee76d-0469-49c3-8f28-bedf29bf6e03 --><\/p><p><!-- notionvc: 57ec8fbc-eaaf-494a-8854-cd036903b143 --><\/p>\t\t\t\t\t\t\t\t<\/div>\n\t\t\t\t\t<\/div>\n\t\t\t\t<\/div>\n\t\t\t\t<\/div>","protected":false},"excerpt":{"rendered":"<p>LEGAL Privacy Policy\/ Terms of Service Accreditation and Licensing Aguilas International Technical Institute (AITI) is a licensed and accredited vocational institution located in Tampa, Florida. We are licensed by the Commission for Independent Education (CIE), Florida Department of Education, License #4530 Our diploma programs meet all state and industry requirements, ensuring students receive quality and [&hellip;]<\/p>\n","protected":false},"author":1,"featured_media":0,"parent":0,"menu_order":0,"comment_status":"closed","ping_status":"closed","template":"elementor_header_footer","meta":{"_acf_changed":false,"footnotes":""},"class_list":["post-1104","page","type-page","status-publish","hentry"],"acf":[],"_links":{"self":[{"href":"https:\/\/agmedtech.com\/es\/wp-json\/wp\/v2\/pages\/1104","targetHints":{"allow":["GET"]}}],"collection":[{"href":"https:\/\/agmedtech.com\/es\/wp-json\/wp\/v2\/pages"}],"about":[{"href":"https:\/\/agmedtech.com\/es\/wp-json\/wp\/v2\/types\/page"}],"author":[{"embeddable":true,"href":"https:\/\/agmedtech.com\/es\/wp-json\/wp\/v2\/users\/1"}],"replies":[{"embeddable":true,"href":"https:\/\/agmedtech.com\/es\/wp-json\/wp\/v2\/comments?post=1104"}],"version-history":[{"count":41,"href":"https:\/\/agmedtech.com\/es\/wp-json\/wp\/v2\/pages\/1104\/revisions"}],"predecessor-version":[{"id":1199,"href":"https:\/\/agmedtech.com\/es\/wp-json\/wp\/v2\/pages\/1104\/revisions\/1199"}],"wp:attachment":[{"href":"https:\/\/agmedtech.com\/es\/wp-json\/wp\/v2\/media?parent=1104"}],"curies":[{"name":"wp","href":"https:\/\/api.w.org\/{rel}","templated":true}]}}